{"id":2,"date":"2017-08-12T13:00:56","date_gmt":"2017-08-12T16:00:56","guid":{"rendered":"http:\/\/localhost\/forty\/?page_id=2"},"modified":"2017-11-30T09:36:27","modified_gmt":"2017-11-30T12:36:27","slug":"home","status":"publish","type":"page","link":"https:\/\/forty.caribdis.net\/monochrome\/","title":{"rendered":"Home"},"content":{"rendered":"<p>[et_pb_section bb_built=\u00bb1&#8243; fullwidth=\u00bbon\u00bb module_class=\u00bbhbanner\u00bb _builder_version=\u00bb3.0.83&#8243; background_image=\u00bbhttps:\/\/forty.caribdis.net\/monochrome\/wp-content\/uploads\/2017\/08\/eike-klingspohn-317643.jpg\u00bb parallax=\u00bbon\u00bb custom_padding_tablet=\u00bb50px|0px||0px\u00bb custom_padding_last_edited=\u00bbon|tablet\u00bb][et_pb_fullwidth_header title=\u00bbHola, soy Forty\u00bb subhead=\u00bbUn tema hijo de Divi dise\u00f1ado por HTML5 UP y adaptado por Caribdis.Net bajo la licencia Creative Commons.\u00bb background_layout=\u00bbdark\u00bb button_one_text=\u00bbComenzar\u00bb button_one_url=\u00bb#uno\u00bb background_overlay_color=\u00bbrgba(0,0,0,0.5)\u00bb module_class=\u00bbbanner\u00bb _builder_version=\u00bb3.0.69&#8243; title_font_size=\u00bb71px\u00bb title_font_size_tablet=\u00bb54px\u00bb title_font_size_phone=\u00bb26px\u00bb title_font_size_last_edited=\u00bbon|phone\u00bb subhead_font=\u00bb|||on|\u00bb subhead_font_size=\u00bb17px\u00bb subhead_font_size_tablet=\u00bb15px\u00bb subhead_font_size_phone=\u00bb11px\u00bb subhead_font_size_last_edited=\u00bbon|phone\u00bb custom_button_one=\u00bbon\u00bb button_one_text_size=\u00bb20&#8243; button_one_border_radius=\u00bb0&#8243; button_one_letter_spacing=\u00bb4&#8243; button_one_font=\u00bb|||on|\u00bb button_one_on_hover=\u00bboff\u00bb button_one_border_radius_hover=\u00bb0&#8243; button_one_letter_spacing_hover=\u00bb4&#8243; custom_css_header_container=\u00bbopacity: 1;||-webkit-animation: fadeIn 1s 1 cubic-bezier(0.77, 0, 0.175, 1);||-moz-animation: fadeIn 1s 1 cubic-bezier(0.77, 0, 0.175, 1);||-o-animation: fadeIn 1s 1 cubic-bezier(0.77, 0, 0.175, 1);||animation: fadeIn 1s 1 cubic-bezier(0.77, 0, 0.175, 1);\u00bb custom_css_button_1=\u00bbfont-weight: 600;||padding: 0.6em 2.75em 0.6em 1.75em !important;\u00bb button_one_text_color=\u00bb#ffffff\u00bb button_one_border_color=\u00bb#ffffff\u00bb \/][\/et_pb_section][et_pb_section bb_built=\u00bb1&#8243; admin_label=\u00bbsection\u00bb custom_padding=\u00bb0px||0px|\u00bb padding_mobile=\u00bbon\u00bb module_id=\u00bbuno\u00bb module_class=\u00bbhblocks\u00bb _builder_version=\u00bb3.0.47&#8243; custom_padding_tablet=\u00bb0px||0px|\u00bb][et_pb_row admin_label=\u00bbrow\u00bb make_fullwidth=\u00bbon\u00bb use_custom_gutter=\u00bbon\u00bb gutter_width=\u00bb1&#8243; custom_padding=\u00bb0px||0px|\u00bb padding_mobile=\u00bbon\u00bb column_padding_mobile=\u00bbon\u00bb bg_img_1=\u00bbhttps:\/\/forty.caribdis.net\/monochrome\/wp-content\/uploads\/2017\/08\/caklZtY.jpg\u00bb bg_img_2=\u00bbhttps:\/\/forty.caribdis.net\/monochrome\/wp-content\/uploads\/2017\/08\/smaFaJL.jpg\u00bb padding_top_1=\u00bb0px\u00bb padding_bottom_1=\u00bb0px\u00bb padding_top_2=\u00bb0px\u00bb padding_bottom_2=\u00bb0px\u00bb parallax_method_1=\u00bboff\u00bb parallax_method_2=\u00bboff\u00bb module_class_1=\u00bbtiles\u00bb module_class_2=\u00bbtiles\u00bb _builder_version=\u00bb3.0.69&#8243; background_size=\u00bbinitial\u00bb background_position=\u00bbtop_left\u00bb background_repeat=\u00bbrepeat\u00bb background_position_1=\u00bbtop_left\u00bb background_repeat_1=\u00bbno-repeat\u00bb background_position_2=\u00bbtop_left\u00bb background_repeat_2=\u00bbno-repeat\u00bb][et_pb_column type=\u00bb1_3&#8243;][et_pb_cta title=\u00bbAliquam\u00bb button_url=\u00bb\/monochrome\/landing\/\u00bb button_text=\u00bbIpsum dolor sit amet\u00bb background_color=\u00bbrgba(0,0,0,0.6)\u00bb text_orientation=\u00bbleft\u00bb _builder_version=\u00bb3.0.90&#8243; header_font_size=\u00bb36&#8243; body_letter_spacing=\u00bb4px\u00bb background_size=\u00bbinitial\u00bb background_position=\u00bbtop_left\u00bb background_repeat=\u00bbrepeat\u00bb custom_padding=\u00bb0px|0px|0px|0px\u00bb custom_button=\u00bbon\u00bb button_use_icon=\u00bboff\u00bb custom_css_main_element=\u00bbheight: 40vh;||max-height: 40em;||min-height: 23em;\u00bb custom_css_promo_description=\u00bbposition: absolute;||top: 50%;||left: 15%;||transform: translate(0,-50%);\u00bb custom_css_promo_button=\u00bbheight: 100%;||width: 100%;||border: 0;||position: absolute;\u00bb custom_css_promo_title=\u00bbfont-weight: 600;||border-bottom: 2px solid #fff;\u00bb url_new_window=\u00bboff\u00bb use_background_color=\u00bbon\u00bb background_layout=\u00bbdark\u00bb button_icon_placement=\u00bbright\u00bb]<\/p>\n<p>Ipsum dolor sit amet<\/p>\n<p>[\/et_pb_cta][\/et_pb_column][et_pb_column type=\u00bb2_3&#8243;][et_pb_cta title=\u00bbTempus\u00bb button_url=\u00bb\/monochrome\/landing\/\u00bb button_text=\u00bbFeugiat amet tempus\u00bb background_color=\u00bbrgba(255,255,255,0.4)\u00bb text_orientation=\u00bbleft\u00bb module_class=\u00bbctawide\u00bb _builder_version=\u00bb3.0.90&#8243; header_font_size=\u00bb36&#8243; body_letter_spacing=\u00bb4px\u00bb background_size=\u00bbinitial\u00bb background_position=\u00bbtop_left\u00bb background_repeat=\u00bbrepeat\u00bb custom_padding=\u00bb0px|0px|0px|0px\u00bb custom_button=\u00bbon\u00bb button_use_icon=\u00bboff\u00bb custom_css_main_element=\u00bbheight: 40vh;||max-height: 40em;||min-height: 23em;\u00bb custom_css_promo_description=\u00bbposition: absolute;||top: 50%;||left: 7.5%;||transform: translate(0,-50%);\u00bb custom_css_promo_button=\u00bbheight: 100%;||width: 100%;||border: 0;||position: absolute;\u00bb custom_css_promo_title=\u00bbfont-weight: 600;||border-bottom: 2px solid #fff;\u00bb url_new_window=\u00bboff\u00bb use_background_color=\u00bbon\u00bb background_layout=\u00bbdark\u00bb button_icon_placement=\u00bbright\u00bb]<\/p>\n<p>Feugiat amet tempus<\/p>\n<p>[\/et_pb_cta][\/et_pb_column][\/et_pb_row][et_pb_row admin_label=\u00bbrow\u00bb make_fullwidth=\u00bbon\u00bb use_custom_gutter=\u00bbon\u00bb gutter_width=\u00bb1&#8243; custom_padding=\u00bb0px||0px|\u00bb padding_mobile=\u00bbon\u00bb column_padding_mobile=\u00bbon\u00bb bg_img_1=\u00bbhttps:\/\/forty.caribdis.net\/monochrome\/wp-content\/uploads\/2017\/08\/DKMWhuv.jpg\u00bb bg_img_2=\u00bbhttps:\/\/forty.caribdis.net\/monochrome\/wp-content\/uploads\/2017\/08\/rtfMoaI.jpg\u00bb parallax_method_1=\u00bboff\u00bb parallax_method_2=\u00bboff\u00bb module_class_1=\u00bbtiles\u00bb module_class_2=\u00bbtiles\u00bb _builder_version=\u00bb3.0.69&#8243; background_size=\u00bbinitial\u00bb background_position=\u00bbtop_left\u00bb background_repeat=\u00bbrepeat\u00bb background_position_1=\u00bbtop_left\u00bb background_repeat_1=\u00bbno-repeat\u00bb background_position_2=\u00bbtop_left\u00bb background_repeat_2=\u00bbno-repeat\u00bb module_class=\u00bbswapcol\u00bb][et_pb_column type=\u00bb2_3&#8243;][et_pb_cta title=\u00bbMagna\u00bb button_url=\u00bb\/monochrome\/landing\/\u00bb button_text=\u00bbLorem etiam nullam\u00bb background_color=\u00bbrgba(255,255,255,0.4)\u00bb text_orientation=\u00bbleft\u00bb module_class=\u00bbctawide\u00bb _builder_version=\u00bb3.0.90&#8243; header_font_size=\u00bb36&#8243; body_letter_spacing=\u00bb4px\u00bb background_size=\u00bbinitial\u00bb background_position=\u00bbtop_left\u00bb background_repeat=\u00bbrepeat\u00bb custom_padding=\u00bb0px|0px|0px|0px\u00bb custom_button=\u00bbon\u00bb button_use_icon=\u00bboff\u00bb custom_css_main_element=\u00bbheight: 40vh;||max-height: 40em;||min-height: 23em;\u00bb custom_css_promo_description=\u00bbposition: absolute;||top: 50%;||left: 7.5%;||transform: translate(0,-50%);\u00bb custom_css_promo_button=\u00bbheight: 100%;||width: 100%;||border: 0;||position: absolute;\u00bb custom_css_promo_title=\u00bbfont-weight: 600;||border-bottom: 2px solid #fff;\u00bb url_new_window=\u00bboff\u00bb use_background_color=\u00bbon\u00bb background_layout=\u00bbdark\u00bb button_icon_placement=\u00bbright\u00bb]<\/p>\n<p>Lorem etiam nullam<\/p>\n<p>[\/et_pb_cta][\/et_pb_column][et_pb_column type=\u00bb1_3&#8243;][et_pb_cta title=\u00bbIpsum\u00bb button_url=\u00bb\/monochrome\/landing\/\u00bb button_text=\u00bbNisl sed aliquam\u00bb background_color=\u00bbrgba(0,0,0,0.6)\u00bb text_orientation=\u00bbleft\u00bb _builder_version=\u00bb3.0.90&#8243; header_font_size=\u00bb36&#8243; body_letter_spacing=\u00bb4px\u00bb background_size=\u00bbinitial\u00bb background_position=\u00bbtop_left\u00bb background_repeat=\u00bbrepeat\u00bb custom_padding=\u00bb0px|0px|0px|0px\u00bb custom_button=\u00bbon\u00bb button_use_icon=\u00bboff\u00bb custom_css_main_element=\u00bbheight: 40vh;||max-height: 40em;||min-height: 23em;\u00bb custom_css_promo_description=\u00bbposition: absolute;||top: 50%;||left: 15%;||transform: translate(0,-50%);\u00bb custom_css_promo_button=\u00bbheight: 100%;||width: 100%;||border: 0;||position: absolute;\u00bb custom_css_promo_title=\u00bbfont-weight: 600;||border-bottom: 2px solid #fff;\u00bb url_new_window=\u00bboff\u00bb use_background_color=\u00bbon\u00bb background_layout=\u00bbdark\u00bb button_icon_placement=\u00bbright\u00bb]<\/p>\n<p>Nisl sed aliquam<\/p>\n<p>[\/et_pb_cta][\/et_pb_column][\/et_pb_row][et_pb_row admin_label=\u00bbrow\u00bb make_fullwidth=\u00bbon\u00bb use_custom_gutter=\u00bbon\u00bb gutter_width=\u00bb1&#8243; custom_padding=\u00bb0px||0px|\u00bb padding_mobile=\u00bbon\u00bb column_padding_mobile=\u00bbon\u00bb bg_img_1=\u00bbhttps:\/\/forty.caribdis.net\/monochrome\/wp-content\/uploads\/2017\/08\/v1l1pbn.jpg\u00bb bg_img_2=\u00bbhttps:\/\/forty.caribdis.net\/monochrome\/wp-content\/uploads\/2017\/08\/1q9Pb8e.jpg\u00bb parallax_method_1=\u00bboff\u00bb parallax_method_2=\u00bboff\u00bb module_class_1=\u00bbtiles\u00bb module_class_2=\u00bbtiles\u00bb _builder_version=\u00bb3.0.69&#8243; background_size=\u00bbinitial\u00bb background_position=\u00bbtop_left\u00bb background_repeat=\u00bbrepeat\u00bb background_position_1=\u00bbtop_left\u00bb background_repeat_1=\u00bbno-repeat\u00bb background_position_2=\u00bbtop_left\u00bb background_repeat_2=\u00bbno-repeat\u00bb][et_pb_column type=\u00bb1_3&#8243;][et_pb_cta title=\u00bbConsequat\u00bb button_url=\u00bb\/monochrome\/landing\/\u00bb button_text=\u00bbIpsum dolor sit amet\u00bb background_color=\u00bbrgba(0,0,0,0.6)\u00bb text_orientation=\u00bbleft\u00bb _builder_version=\u00bb3.0.90&#8243; header_font_size=\u00bb36&#8243; body_letter_spacing=\u00bb4px\u00bb background_size=\u00bbinitial\u00bb background_position=\u00bbtop_left\u00bb background_repeat=\u00bbrepeat\u00bb custom_padding=\u00bb0px|0px|0px|0px\u00bb custom_button=\u00bbon\u00bb button_use_icon=\u00bboff\u00bb custom_css_main_element=\u00bbheight: 40vh;||max-height: 40em;||min-height: 23em;\u00bb custom_css_promo_description=\u00bbposition: absolute;||top: 50%;||left: 15%;||transform: translate(0,-50%);\u00bb custom_css_promo_button=\u00bbheight: 100%;||width: 100%;||border: 0;||position: absolute;\u00bb custom_css_promo_title=\u00bbfont-weight: 600;||border-bottom: 2px solid #fff;\u00bb url_new_window=\u00bboff\u00bb use_background_color=\u00bbon\u00bb background_layout=\u00bbdark\u00bb button_icon_placement=\u00bbright\u00bb]<\/p>\n<p>Ipsum dolor sit amet<\/p>\n<p>[\/et_pb_cta][\/et_pb_column][et_pb_column type=\u00bb2_3&#8243;][et_pb_cta title=\u00bbEtiam\u00bb button_url=\u00bb\/monochrome\/landing\/\u00bb button_text=\u00bbFeugiat amet tempus\u00bb background_color=\u00bbrgba(255,255,255,0.4)\u00bb text_orientation=\u00bbleft\u00bb module_class=\u00bbctawide\u00bb _builder_version=\u00bb3.0.90&#8243; header_font_size=\u00bb36&#8243; body_letter_spacing=\u00bb4px\u00bb background_size=\u00bbinitial\u00bb background_position=\u00bbtop_left\u00bb background_repeat=\u00bbrepeat\u00bb custom_padding=\u00bb0px|0px|0px|0px\u00bb custom_button=\u00bbon\u00bb button_use_icon=\u00bboff\u00bb custom_css_main_element=\u00bbheight: 40vh;||max-height: 40em;||min-height: 23em;\u00bb custom_css_promo_description=\u00bbposition: absolute;||top: 50%;||left: 7.5%;||transform: translate(0,-50%);\u00bb custom_css_promo_button=\u00bbheight: 100%;||width: 100%;||border: 0;||position: absolute;\u00bb custom_css_promo_title=\u00bbfont-weight: 600;||border-bottom: 2px solid #fff;\u00bb url_new_window=\u00bboff\u00bb use_background_color=\u00bbon\u00bb background_layout=\u00bbdark\u00bb button_icon_placement=\u00bbright\u00bb]<\/p>\n<p>Feugiat amet tempus<\/p>\n<p>[\/et_pb_cta][\/et_pb_column][\/et_pb_row][\/et_pb_section][et_pb_section bb_built=\u00bb1&#8243; background_color=\u00bbrgba(0,0,0,0.06)\u00bb custom_padding=\u00bb||40px|\u00bb module_class=\u00bbhcta\u00bb _builder_version=\u00bb3.0.69&#8243; custom_padding_last_edited=\u00bbon|phone\u00bb][et_pb_row padding_mobile=\u00bboff\u00bb column_padding_mobile=\u00bbon\u00bb parallax_method_1=\u00bboff\u00bb _builder_version=\u00bb3.0.47&#8243; background_size=\u00bbinitial\u00bb background_position=\u00bbtop_left\u00bb background_repeat=\u00bbrepeat\u00bb][et_pb_column type=\u00bb4_4&#8243;][et_pb_cta title=\u00bbMassa libero\u00bb button_url=\u00bb\/landing\/\u00bb button_text=\u00bbComenzar\u00bb use_background_color=\u00bboff\u00bb text_orientation=\u00bbleft\u00bb _builder_version=\u00bb3.0.69&#8243; header_font_size=\u00bb36&#8243; header_font_size_tablet=\u00bb32&#8243; header_font_size_phone=\u00bb24&#8243; header_font_size_last_edited=\u00bbon|phone\u00bb body_font_size=\u00bb22&#8243; body_font_size_tablet=\u00bb18&#8243; body_font_size_phone=\u00bb14&#8243; body_font_size_last_edited=\u00bbon|phone\u00bb body_letter_spacing=\u00bb1px\u00bb body_line_height=\u00bb1.8&#8243; background_size=\u00bbinitial\u00bb background_position=\u00bbtop_left\u00bb background_repeat=\u00bbrepeat\u00bb custom_button=\u00bbon\u00bb button_text_size=\u00bb20&#8243; button_border_radius=\u00bb0&#8243; button_letter_spacing=\u00bb4&#8243; button_font=\u00bb|||on|\u00bb button_on_hover=\u00bboff\u00bb button_border_radius_hover=\u00bb0&#8243; button_letter_spacing_hover=\u00bb4&#8243; button_text_size_tablet=\u00bb18&#8243; button_text_size_phone=\u00bb14&#8243; button_text_size_last_edited=\u00bbon|phone\u00bb button_letter_spacing_last_edited=\u00bbon|phone\u00bb button_letter_spacing_hover_last_edited=\u00bbon|phone\u00bb custom_css_promo_description=\u00bbfont-weight: 300;\u00bb custom_css_promo_button=\u00bbfont-weight: 600;||padding: 0.6em 2.75em 0.6em 1.75em !important;||margin-top: 26px;\u00bb custom_css_promo_title=\u00bbpadding-bottom: 25px;||margin-bottom: 40px;\u00bb background_layout=\u00bblight\u00bb]<\/p>\n<p>Nullam et orci eu lorem consequat tincidunt vivamus et sagittis libero. Mauris aliquet magna magna sed nunc rhoncus pharetra. Pellentesque condimentum sem. In efficitur ligula tate urna. Maecenas laoreet massa vel lacinia pellentesque lorem ipsum dolor. Nullam et orci eu lorem consequat tincidunt. Vivamus et sagittis libero. Mauris aliquet magna magna sed nunc rhoncus amet pharetra et feugiat tempus.<\/p>\n<p>[\/et_pb_cta][\/et_pb_column][\/et_pb_row][\/et_pb_section][et_pb_section bb_built=\u00bb1&#8243; custom_padding=\u00bb0px||0px|\u00bb padding_mobile=\u00bboff\u00bb module_class=\u00bbhcontact\u00bb _builder_version=\u00bb3.0.69&#8243; custom_css_main_element=\u00bbborder-top: 1px solid rgba(40, 40, 40, 0.1);\u00bb custom_padding_tablet=\u00bb50px|0|50px|0&#8243; custom_padding_last_edited=\u00bbon|desktop\u00bb][et_pb_row make_fullwidth=\u00bbon\u00bb use_custom_gutter=\u00bbon\u00bb gutter_width=\u00bb0&#8243; custom_padding=\u00bb0px||0px|\u00bb padding_mobile=\u00bboff\u00bb make_equal=\u00bbon\u00bb column_padding_mobile=\u00bbon\u00bb padding_right_2=\u00bb0px\u00bb padding_left_2=\u00bb0px\u00bb parallax_method_1=\u00bboff\u00bb parallax_method_2=\u00bboff\u00bb module_class_1=\u00bbcform\u00bb module_class_2=\u00bbccdata\u00bb _builder_version=\u00bb3.0.69&#8243; background_size=\u00bbinitial\u00bb background_position=\u00bbtop_left\u00bb background_repeat=\u00bbrepeat\u00bb custom_css_main_element=\u00bbborder-bottom: 1px solid rgba(40, 40, 40, 0.1);\u00bb][et_pb_column type=\u00bb2_3&#8243;][et_pb_contact_form captcha=\u00bboff\u00bb form_background_color=\u00bbrgba(255,255,255,0)\u00bb module_id=\u00bbet_pb_contact_form_0&#8243; _builder_version=\u00bb3.0.69&#8243; form_field_font_size=\u00bb22&#8243; form_field_text_color=\u00bb#404040&#8243; use_border_color=\u00bbon\u00bb border_color=\u00bb#404040&#8243; border_width=\u00bb2px\u00bb custom_button=\u00bbon\u00bb button_text_size=\u00bb19&#8243; button_text_color=\u00bb#404040&#8243; button_border_color=\u00bb#404040&#8243; button_border_radius=\u00bb0&#8243; button_letter_spacing=\u00bb4&#8243; button_font=\u00bb|||on|\u00bb button_use_icon=\u00bboff\u00bb button_border_radius_hover=\u00bb0&#8243; button_letter_spacing_hover=\u00bb4&#8243; custom_css_contact_button=\u00bbfont-weight: 600;||padding: 0.6em 2em !important;\u00bb custom_css_contact_fields=\u00bbfont-weight: 300;\u00bb custom_css_text_field=\u00bbfont-weight: 300;\u00bb border_color_all=\u00bb#404040&#8243; border_width_all=\u00bb2px\u00bb border_style_all=\u00bbsolid\u00bb border_radii=\u00bbon||||\u00bb]<\/p>\n<p>[et_pb_contact_field field_id=\u00bbName\u00bb field_title=\u00bbNombre\u00bb _builder_version=\u00bb3.0.47&#8243;][\/et_pb_contact_field][et_pb_contact_field field_id=\u00bbEmail\u00bb field_title=\u00bbEmail\u00bb field_type=\u00bbemail\u00bb _builder_version=\u00bb3.0.47&#8243; form_field_font=\u00bb||||\u00bb use_border_color=\u00bboff\u00bb][\/et_pb_contact_field][et_pb_contact_field field_id=\u00bbMessage\u00bb field_title=\u00bbMensaje\u00bb field_type=\u00bbtext\u00bb fullwidth_field=\u00bbon\u00bb _builder_version=\u00bb3.0.47&#8243;][\/et_pb_contact_field]<\/p>\n<p>[\/et_pb_contact_form][\/et_pb_column][et_pb_column type=\u00bb1_3&#8243;][et_pb_blurb title=\u00bbEmail\u00bb use_icon=\u00bbon\u00bb font_icon=\u00bb%%238%%\u00bb use_circle=\u00bbon\u00bb circle_color=\u00bb#ffffff\u00bb icon_placement=\u00bbleft\u00bb use_icon_font_size=\u00bbon\u00bb icon_font_size=\u00bb24px\u00bb _builder_version=\u00bb3.0.69&#8243; header_font_size=\u00bb28&#8243; header_font_size_phone=\u00bb24&#8243; header_font_size_last_edited=\u00bbon|phone\u00bb body_font_size=\u00bb22&#8243; body_font_size_phone=\u00bb18&#8243; body_font_size_last_edited=\u00bbon|phone\u00bb background_size=\u00bbinitial\u00bb background_position=\u00bbtop_left\u00bb background_repeat=\u00bbrepeat\u00bb custom_padding=\u00bb60px|60px|60px|60px\u00bb custom_css_blurb_title=\u00bbfont-weight: 600;||margin-bottom: 30px;\u00bb use_circle_border=\u00bbon\u00bb]<\/p>\n<p><a href=\"mailto:email@servidor.com\">email@servidor.com<\/a><\/p>\n<p>[\/et_pb_blurb][et_pb_blurb title=\u00bbTel\u00e9fono\u00bb use_icon=\u00bbon\u00bb font_icon=\u00bb%%264%%\u00bb use_circle=\u00bbon\u00bb circle_color=\u00bb#ffffff\u00bb icon_placement=\u00bbleft\u00bb use_icon_font_size=\u00bbon\u00bb icon_font_size=\u00bb24px\u00bb _builder_version=\u00bb3.0.69&#8243; header_font_size=\u00bb28&#8243; header_font_size_phone=\u00bb24&#8243; header_font_size_last_edited=\u00bbon|phone\u00bb body_font_size=\u00bb22&#8243; body_font_size_phone=\u00bb18&#8243; body_font_size_last_edited=\u00bbon|phone\u00bb background_size=\u00bbinitial\u00bb background_position=\u00bbtop_left\u00bb background_repeat=\u00bbrepeat\u00bb custom_padding=\u00bb60px|60px|60px|60px\u00bb custom_css_blurb_title=\u00bbfont-weight: 600;||margin-bottom: 30px;\u00bb use_circle_border=\u00bbon\u00bb]<\/p>\n<p>(000) 000-0000 12387<\/p>\n<p>[\/et_pb_blurb][et_pb_blurb title=\u00bbDirecci\u00f3n\u00bb use_icon=\u00bbon\u00bb font_icon=\u00bb%%236%%\u00bb use_circle=\u00bbon\u00bb circle_color=\u00bb#ffffff\u00bb icon_placement=\u00bbleft\u00bb use_icon_font_size=\u00bbon\u00bb icon_font_size=\u00bb24px\u00bb _builder_version=\u00bb3.0.69&#8243; header_font_size=\u00bb28&#8243; header_font_size_phone=\u00bb24&#8243; header_font_size_last_edited=\u00bbon|phone\u00bb body_font_size=\u00bb22&#8243; body_font_size_phone=\u00bb19&#8243; body_font_size_last_edited=\u00bbon|phone\u00bb background_size=\u00bbinitial\u00bb background_position=\u00bbtop_left\u00bb background_repeat=\u00bbrepeat\u00bb custom_padding=\u00bb60px|60px|60px|60px\u00bb custom_css_blurb_title=\u00bbfont-weight: 600;||margin-bottom: 30px;\u00bb use_circle_border=\u00bbon\u00bb]<\/p>\n<p>Av. Alg\u00fan Lugar 5432, 2\u00b0 \u00abD\u00bb<br \/>\n(C1000AAA) &#8211; Buenos Aires<br \/>\nArgentina<\/p>\n<p>[\/et_pb_blurb][\/et_pb_column][\/et_pb_row][et_pb_row gutter_width=\u00bb1&#8243; custom_padding=\u00bb80px||25px|11%\u00bb column_padding_mobile=\u00bbon\u00bb parallax_method_1=\u00bboff\u00bb _builder_version=\u00bb3.0.69&#8243; background_size=\u00bbinitial\u00bb background_position=\u00bbtop_left\u00bb background_repeat=\u00bbrepeat\u00bb make_fullwidth=\u00bbon\u00bb use_custom_gutter=\u00bbon\u00bb background_color=\u00bbrgba(0,0,0,0.06)\u00bb background_position_1=\u00bbtop_left\u00bb background_repeat_1=\u00bbno-repeat\u00bb custom_padding_tablet=\u00bb80px||0px|11%\u00bb custom_padding_last_edited=\u00bbon|phone\u00bb][et_pb_column type=\u00bb4_4&#8243;][et_pb_social_media_follow link_shape=\u00bbcircle\u00bb background_layout=\u00bbdark\u00bb url_new_window=\u00bboff\u00bb _builder_version=\u00bb3.0.69&#8243; border_radii=\u00bbon|100%|100%|100%|100%\u00bb]<\/p>\n<p>[et_pb_social_media_follow_network social_network=\u00bbfacebook\u00bb bg_color=\u00bbrgba(0,0,0,0.4)\u00bb _builder_version=\u00bb3.0.47&#8243; link_shape=\u00bbcircle\u00bb follow_button=\u00bboff\u00bb url_new_window=\u00bboff\u00bb] Facebook [\/et_pb_social_media_follow_network][et_pb_social_media_follow_network social_network=\u00bbtwitter\u00bb bg_color=\u00bbrgba(0,0,0,0.4)\u00bb _builder_version=\u00bb3.0.47&#8243; link_shape=\u00bbcircle\u00bb follow_button=\u00bboff\u00bb url_new_window=\u00bboff\u00bb] Twitter [\/et_pb_social_media_follow_network][et_pb_social_media_follow_network social_network=\u00bbinstagram\u00bb bg_color=\u00bbrgba(0,0,0,0.4)\u00bb _builder_version=\u00bb3.0.47&#8243; link_shape=\u00bbcircle\u00bb follow_button=\u00bboff\u00bb url_new_window=\u00bboff\u00bb] Instagram [\/et_pb_social_media_follow_network][et_pb_social_media_follow_network social_network=\u00bblinkedin\u00bb bg_color=\u00bbrgba(0,0,0,0.4)\u00bb _builder_version=\u00bb3.0.47&#8243; link_shape=\u00bbcircle\u00bb follow_button=\u00bboff\u00bb url_new_window=\u00bboff\u00bb] LinkedIn [\/et_pb_social_media_follow_network][et_pb_social_media_follow_network social_network=\u00bbgoogle-plus\u00bb bg_color=\u00bbrgba(0,0,0,0.4)\u00bb _builder_version=\u00bb3.0.47&#8243; link_shape=\u00bbcircle\u00bb follow_button=\u00bboff\u00bb url_new_window=\u00bboff\u00bb] Google [\/et_pb_social_media_follow_network]<\/p>\n<p>[\/et_pb_social_media_follow][\/et_pb_column][\/et_pb_row][\/et_pb_section]<\/p>\n","protected":false},"excerpt":{"rendered":"<p>Ipsum dolor sit amet Feugiat amet tempus Lorem etiam nullam Nisl sed aliquam Ipsum dolor sit amet Feugiat amet tempus Nullam et orci eu lorem consequat tincidunt vivamus et sagittis libero. Mauris aliquet magna magna sed nunc rhoncus pharetra. Pellentesque condimentum sem. In efficitur ligula tate urna. Maecenas laoreet massa vel lacinia pellentesque lorem ipsum [&hellip;]<\/p>\n","protected":false},"author":1,"featured_media":0,"parent":0,"menu_order":0,"comment_status":"closed","ping_status":"closed","template":"","meta":{"_et_pb_use_builder":"on","_et_pb_old_content":"<p>Esta es una p\u00e1gina de ejemplo, Es diferente a una entrada de un blog porque se mantiene est\u00e1tica y se mostrar\u00e1 en la barra de navegaci\u00f3n (en la mayor\u00eda de temas). Casi todo el mundo comienza con una p\u00e1gina Sobre m\u00ed para presentarse a los potenciales visitantes. Podr\u00eda ser algo as\u00ed:<\/p><blockquote><p>\u00a1Hola!: Soy mensajero por el d\u00eda, aspirante a actor por la noche y esta es mi web. Vivo en Madrid, tengo perrazo llamado Juan y me encantan las pi\u00f1as coladas (y que me pille un chaparr\u00f3n)<\/p><\/blockquote><p>\u2026 o algo as\u00ed:<\/p><blockquote><p>La empresa Calcetines XYZ se fund\u00f3 en 1971, y ha estado produciendo calcetines de calidad para sus clientes desde entonces. Ubicada en Gothan, la empresa XYZ tiene m\u00e1s de 2.000 empleados e intenta ayudar en lo que puede para mejorar la vida en Gothan<\/p><\/blockquote><p>Si eres nuevo en WordPress deber\u00edas ir a <a href=\"http:\/\/localhost\/forty\/wp-admin\/\">tu escritorio<\/a> para borrar esta p\u00e1gina y crear algunas nuevas con tu contenido. \u00a1P\u00e1salo bien!<\/p>","_et_gb_content_width":"","footnotes":""},"class_list":["post-2","page","type-page","status-publish","hentry"],"_links":{"self":[{"href":"https:\/\/forty.caribdis.net\/monochrome\/wp-json\/wp\/v2\/pages\/2","targetHints":{"allow":["GET"]}}],"collection":[{"href":"https:\/\/forty.caribdis.net\/monochrome\/wp-json\/wp\/v2\/pages"}],"about":[{"href":"https:\/\/forty.caribdis.net\/monochrome\/wp-json\/wp\/v2\/types\/page"}],"author":[{"embeddable":true,"href":"https:\/\/forty.caribdis.net\/monochrome\/wp-json\/wp\/v2\/users\/1"}],"replies":[{"embeddable":true,"href":"https:\/\/forty.caribdis.net\/monochrome\/wp-json\/wp\/v2\/comments?post=2"}],"version-history":[{"count":0,"href":"https:\/\/forty.caribdis.net\/monochrome\/wp-json\/wp\/v2\/pages\/2\/revisions"}],"wp:attachment":[{"href":"https:\/\/forty.caribdis.net\/monochrome\/wp-json\/wp\/v2\/media?parent=2"}],"curies":[{"name":"wp","href":"https:\/\/api.w.org\/{rel}","templated":true}]}}